{"id":6038,"date":"2025-07-04T17:02:19","date_gmt":"2025-07-04T17:02:19","guid":{"rendered":"http:\/\/juniorswireless.com\/?page_id=11"},"modified":"2025-07-07T17:25:55","modified_gmt":"2025-07-07T17:25:55","slug":"terms-conditions","status":"publish","type":"page","link":"https:\/\/juniorswireless.com\/es\/terms-conditions\/","title":{"rendered":"Terms &#038; Conditions"},"content":{"rendered":"<p data-start=\"307\" data-end=\"338\"><strong data-start=\"307\" data-end=\"338\">\u00daltima actualizaci\u00f3n: [Insert Date]<\/strong><\/p>\n<p data-start=\"340\" data-end=\"555\">Al acceder y utilizar este sitio web (<a class=\"\" href=\"http:\/\/www.jrwireless.com\" target=\"_new\" rel=\"noopener\" data-start=\"377\" data-end=\"395\">www.jrwireless.com<\/a>), aceptas cumplir con los siguientes T\u00e9rminos y Condiciones. Si no est\u00e1s de acuerdo con alguna parte de estos t\u00e9rminos, por favor no utilices nuestro sitio.<\/p>\n<h4 data-start=\"557\" data-end=\"582\">1. Uso del Sitio Web<\/h4>\n<p data-start=\"583\" data-end=\"741\">Aceptas utilizar nuestro sitio \u00fanicamente para fines legales. No debes usarlo de manera que cause da\u00f1os, interrupciones o infrinja los derechos de terceros.<\/p>\n<h4 data-start=\"743\" data-end=\"771\">2. Productos y Servicios<\/h4>\n<p data-start=\"772\" data-end=\"1013\">Nos esforzamos por mostrar informaci\u00f3n precisa sobre nuestros productos, pero no garantizamos que las descripciones, precios o disponibilidad sean siempre exactas o actualizadas. Nos reservamos el derecho de modificar o descontinuar productos sin previo aviso.<\/p>\n<h4 data-start=\"1374\" data-end=\"1402\">3. Propiedad Intelectual<\/h4>\n<p data-start=\"1403\" data-end=\"1643\">Todo el contenido de este sitio, incluidos textos, logotipos, gr\u00e1ficos e im\u00e1genes, es propiedad de JR Wireless o de sus proveedores de contenido y est\u00e1 protegido por leyes de derechos de autor. No est\u00e1 permitido copiar, reproducir o distribuir el contenido sin autorizaci\u00f3n.<\/p>\n<h4 data-start=\"1645\" data-end=\"1675\">4. Limitaci\u00f3n de Responsabilidad<\/h4>\n<p data-start=\"1676\" data-end=\"1843\">JR Wireless no se hace responsable de da\u00f1os derivados del uso o la imposibilidad de uso de este sitio, incluidos da\u00f1os indirectos o consecuentes.<\/p>\n<h4 data-start=\"1845\" data-end=\"1869\">5. Enlaces a Terceros<\/h4>\n<p data-start=\"1870\" data-end=\"2001\">Este sitio puede contener enlaces a sitios web de terceros. No somos responsables del contenido ni de las pr\u00e1cticas de privacidad de dichos sitios.<\/p>\n<h4 data-start=\"2003\" data-end=\"2026\">6. Cambios en los T\u00e9rminos<\/h4>\n<p data-start=\"2027\" data-end=\"2182\">Nos reservamos el derecho de actualizar o modificar estos T\u00e9rminos y Condiciones en cualquier momento. El uso continuo del sitio despu\u00e9s de los cambios implica que aceptas los nuevos t\u00e9rminos.<\/p>\n<h4 data-start=\"2184\" data-end=\"2204\">7. Legislaci\u00f3n Aplicable<\/h4>\n<p data-start=\"2205\" data-end=\"2354\">Estos t\u00e9rminos se rigen por las leyes de [Tu pa\u00eds o estado]. Cualquier disputa estar\u00e1 sujeta a la jurisdicci\u00f3n de los tribunales de [Tu pa\u00eds o estado].<\/p>\n<h4 data-start=\"2356\" data-end=\"2371\">8. Contacto<\/h4>\n<p data-start=\"2372\" data-end=\"2453\">Si tienes preguntas sobre estos T\u00e9rminos y Condiciones, cont\u00e1ctanos a: <a href=\"mailto:jortiz@juniorswireless.com\">jortiz@juniorswireless.com<\/a><\/p>","protected":false},"excerpt":{"rendered":"<p>Last updated: [Insert Date] By accessing and using this website (www.jrwireless.com), you agree to comply with and be bound by the following Terms and Conditions. If you do not agree with any part of these terms, please do not use our website. 1. Use of the Website You agree to use our website only for [&hellip;]<\/p>","protected":false},"author":1,"featured_media":0,"parent":0,"menu_order":0,"comment_status":"closed","ping_status":"closed","template":"","meta":{"footnotes":""},"class_list":["post-6038","page","type-page","status-publish","hentry"],"_links":{"self":[{"href":"https:\/\/juniorswireless.com\/es\/wp-json\/wp\/v2\/pages\/6038","targetHints":{"allow":["GET"]}}],"collection":[{"href":"https:\/\/juniorswireless.com\/es\/wp-json\/wp\/v2\/pages"}],"about":[{"href":"https:\/\/juniorswireless.com\/es\/wp-json\/wp\/v2\/types\/page"}],"author":[{"embeddable":true,"href":"https:\/\/juniorswireless.com\/es\/wp-json\/wp\/v2\/users\/1"}],"replies":[{"embeddable":true,"href":"https:\/\/juniorswireless.com\/es\/wp-json\/wp\/v2\/comments?post=6038"}],"version-history":[{"count":3,"href":"https:\/\/juniorswireless.com\/es\/wp-json\/wp\/v2\/pages\/6038\/revisions"}],"predecessor-version":[{"id":7113,"href":"https:\/\/juniorswireless.com\/es\/wp-json\/wp\/v2\/pages\/6038\/revisions\/7113"}],"wp:attachment":[{"href":"https:\/\/juniorswireless.com\/es\/wp-json\/wp\/v2\/media?parent=6038"}],"curies":[{"name":"wp","href":"https:\/\/api.w.org\/{rel}","templated":true}]}}