{"id":81,"date":"2025-05-14T01:31:57","date_gmt":"2025-05-14T01:31:57","guid":{"rendered":"http:\/\/juniorswireless.com\/services-01\/"},"modified":"2025-08-30T13:36:31","modified_gmt":"2025-08-30T13:36:31","slug":"services","status":"publish","type":"page","link":"https:\/\/juniorswireless.com\/es\/services\/","title":{"rendered":"Servicios"},"content":{"rendered":"<div data-elementor-type=\"wp-page\" data-elementor-id=\"81\" class=\"elementor elementor-81\" data-elementor-post-type=\"page\">\n\t\t\t\t<div class=\"elementor-element elementor-element-e84f797 e-flex e-con-boxed e-con e-parent\" data-id=\"e84f797\" data-element_type=\"container\">\n\t\t\t\t\t<div class=\"e-con-inner\">\n\t\t \t\t<div class=\"elementor-element elementor-element-e64f76b elementor-align-center subtitle-position-above elementor-widget__width-initial elementor-widget-mobile__width-inherit elementor-widget elementor-widget-caren-heading\" data-id=\"e64f76b\" data-element_type=\"widget\" data-widget_type=\"caren-heading.default\">\n\t\t\t\t<div class=\"elementor-widget-container\">\n\t\t\t\t\t<div class=\"elementor-heading-wrapper-inner\"><h2 class=\"elementor-heading-title elementor-size-default\">Excelentes servicios residenciales y comerciales<\/h2><\/div>\t\t\t\t<\/div>\n\t\t\t\t<\/div>\n\t\t\t\t<div class=\"elementor-element elementor-element-6f9de65 elementor-grid-laptop-3 elementor-grid-tablet-2 elementor-grid-mobile-1 elementor-grid-tablet_extra-2 elementor-grid-4 elementor-widget elementor-widget-caren-services-list\" data-id=\"6f9de65\" data-element_type=\"widget\" data-settings=\"{&quot;column_laptop&quot;:&quot;3&quot;,&quot;column_tablet&quot;:&quot;2&quot;,&quot;column_mobile&quot;:&quot;1&quot;,&quot;column_tablet_extra&quot;:&quot;2&quot;,&quot;column&quot;:4,&quot;column_spacing&quot;:{&quot;unit&quot;:&quot;px&quot;,&quot;size&quot;:30,&quot;sizes&quot;:[]},&quot;column_spacing_laptop&quot;:{&quot;unit&quot;:&quot;px&quot;,&quot;size&quot;:&quot;&quot;,&quot;sizes&quot;:[]},&quot;column_spacing_tablet_extra&quot;:{&quot;unit&quot;:&quot;px&quot;,&quot;size&quot;:&quot;&quot;,&quot;sizes&quot;:[]},&quot;column_spacing_tablet&quot;:{&quot;unit&quot;:&quot;px&quot;,&quot;size&quot;:&quot;&quot;,&quot;sizes&quot;:[]},&quot;column_spacing_mobile_extra&quot;:{&quot;unit&quot;:&quot;px&quot;,&quot;size&quot;:&quot;&quot;,&quot;sizes&quot;:[]},&quot;column_spacing_mobile&quot;:{&quot;unit&quot;:&quot;px&quot;,&quot;size&quot;:&quot;&quot;,&quot;sizes&quot;:[]}}\" data-widget_type=\"caren-services-list.default\">\n\t\t\t\t<div class=\"elementor-widget-container\">\n\t\t\t\t\t<div class=\"caren-service columns-1  elementor-service elementor-service-style1\">\n<div class=\"caren-con\">\n    <ul class=\"caren-service caren-list-wrapper clear-list-style elementor-grid\">\n\n<li class=\"caren-item service service-style-1 actived\">\n    <div class=\"service-block\">\n                    <figure class=\"post-thumbnail service-image\">\n\t\t\t\t<img fetchpriority=\"high\" decoding=\"async\" width=\"722\" height=\"752\" src=\"https:\/\/juniorswireless.com\/wp-content\/uploads\/2025\/05\/das-project-03.png\" class=\"attachment-medium_large size-medium_large wp-post-image\" alt=\"\" \/>\t\t\t<\/figure>\n\t\t\t        <div class=\"service-caption\">\n                        <div class=\"service-content-loop\">\n                <div class=\"service-content-box\">\n                            <h3 class=\"service-loop-title\">\n            <a href=\"https:\/\/juniorswireless.com\/es\/service\/das-projects\/\">Proyectos DAS<\/a>\t\t<\/h3>\n                <div class=\"service-loop-exerpt\"><p>Implementaci\u00f3n de sistema de amplificaci\u00f3n de se\u00f1al.<\/p>\n<\/div>\n                        <\/div>\n            <\/div>\n                    <div class=\"service-button\">\n            <a class=\"more-link\" href=\"https:\/\/juniorswireless.com\/es\/service\/das-projects\/\" title=\"Proyectos DAS\">\n                  <span class=\"elementor-button-text\" >More details<\/span>\n            <\/a>\n        <\/div>\n\n                <\/div>\n            <\/div>\n<\/li><li class=\"caren-item service service-style-1\">\n    <div class=\"service-block\">\n                    <figure class=\"post-thumbnail service-image\">\n\t\t\t\t<img decoding=\"async\" width=\"768\" height=\"559\" src=\"https:\/\/juniorswireless.com\/wp-content\/uploads\/2025\/06\/service-2.jpg\" class=\"attachment-medium_large size-medium_large wp-post-image\" alt=\"\" \/>\t\t\t<\/figure>\n\t\t\t        <div class=\"service-caption\">\n                        <div class=\"service-content-loop\">\n                <div class=\"service-content-box\">\n                            <h3 class=\"service-loop-title\">\n            <a href=\"https:\/\/juniorswireless.com\/es\/service\/electrical-projects\/\">Proyectos El\u00e9ctricos<\/a>\t\t<\/h3>\n                <div class=\"service-loop-exerpt\"><p>Soluciones el\u00e9ctricas integrales que incluyen planificaci\u00f3n, instalaci\u00f3n y mantenimiento.<\/p>\n<\/div>\n                        <\/div>\n            <\/div>\n                    <div class=\"service-button\">\n            <a class=\"more-link\" href=\"https:\/\/juniorswireless.com\/es\/service\/electrical-projects\/\" title=\"Proyectos El\u00e9ctricos\">\n                  <span class=\"elementor-button-text\" >More details<\/span>\n            <\/a>\n        <\/div>\n\n                <\/div>\n            <\/div>\n<\/li><li class=\"caren-item service service-style-1\">\n    <div class=\"service-block\">\n                    <figure class=\"post-thumbnail service-image\">\n\t\t\t\t<img decoding=\"async\" width=\"768\" height=\"512\" src=\"https:\/\/juniorswireless.com\/wp-content\/uploads\/2025\/07\/4.jpeg\" class=\"attachment-medium_large size-medium_large wp-post-image\" alt=\"\" \/>\t\t\t<\/figure>\n\t\t\t        <div class=\"service-caption\">\n                        <div class=\"service-content-loop\">\n                <div class=\"service-content-box\">\n                            <h3 class=\"service-loop-title\">\n            <a href=\"https:\/\/juniorswireless.com\/es\/service\/public-safety-projects\/\">Proyectos de Seguridad P\u00fablica<\/a>\t\t<\/h3>\n                <div class=\"service-loop-exerpt\"><p>Instalaci\u00f3n y mantenimiento de infraestructura cr\u00edtica.<\/p>\n<\/div>\n                        <\/div>\n            <\/div>\n                    <div class=\"service-button\">\n            <a class=\"more-link\" href=\"https:\/\/juniorswireless.com\/es\/service\/public-safety-projects\/\" title=\"Proyectos de Seguridad P\u00fablica\">\n                  <span class=\"elementor-button-text\" >More details<\/span>\n            <\/a>\n        <\/div>\n\n                <\/div>\n            <\/div>\n<\/li><li class=\"caren-item service service-style-1\">\n    <div class=\"service-block\">\n                    <figure class=\"post-thumbnail service-image\">\n\t\t\t\t<img loading=\"lazy\" decoding=\"async\" width=\"549\" height=\"309\" src=\"https:\/\/juniorswireless.com\/wp-content\/uploads\/2025\/05\/Screenshot_38.png\" class=\"attachment-medium_large size-medium_large wp-post-image\" alt=\"\" \/>\t\t\t<\/figure>\n\t\t\t        <div class=\"service-caption\">\n                        <div class=\"service-content-loop\">\n                <div class=\"service-content-box\">\n                            <h3 class=\"service-loop-title\">\n            <a href=\"https:\/\/juniorswireless.com\/es\/service\/medium-voltage-wire-pulls\/\">Tendidos de cables de media tensi\u00f3n<\/a>\t\t<\/h3>\n                <div class=\"service-loop-exerpt\"><p>Ejecuci\u00f3n de tendido seguro y eficiente de cables para sistemas de media tensi\u00f3n.<\/p>\n<\/div>\n                        <\/div>\n            <\/div>\n                    <div class=\"service-button\">\n            <a class=\"more-link\" href=\"https:\/\/juniorswireless.com\/es\/service\/medium-voltage-wire-pulls\/\" title=\"Tendidos de cables de media tensi\u00f3n\">\n                  <span class=\"elementor-button-text\" >More details<\/span>\n            <\/a>\n        <\/div>\n\n                <\/div>\n            <\/div>\n<\/li><li class=\"caren-item service service-style-1\">\n    <div class=\"service-block\">\n                    <figure class=\"post-thumbnail service-image\">\n\t\t\t\t<img loading=\"lazy\" decoding=\"async\" width=\"768\" height=\"576\" src=\"https:\/\/juniorswireless.com\/wp-content\/uploads\/2025\/05\/5.jpg\" class=\"attachment-medium_large size-medium_large wp-post-image\" alt=\"\" \/>\t\t\t<\/figure>\n\t\t\t        <div class=\"service-caption\">\n                        <div class=\"service-content-loop\">\n                <div class=\"service-content-box\">\n                            <h3 class=\"service-loop-title\">\n            <a href=\"https:\/\/juniorswireless.com\/es\/service\/medium-voltage-wire-terminations\/\">Terminaciones de cables de media tensi\u00f3n<\/a>\t\t<\/h3>\n                <div class=\"service-loop-exerpt\"><p>Conexi\u00f3n profesional de cables de media tensi\u00f3n.<\/p>\n<\/div>\n                        <\/div>\n            <\/div>\n                    <div class=\"service-button\">\n            <a class=\"more-link\" href=\"https:\/\/juniorswireless.com\/es\/service\/medium-voltage-wire-terminations\/\" title=\"Terminaciones de cables de media tensi\u00f3n\">\n                  <span class=\"elementor-button-text\" >More details<\/span>\n            <\/a>\n        <\/div>\n\n                <\/div>\n            <\/div>\n<\/li><li class=\"caren-item service service-style-1\">\n    <div class=\"service-block\">\n                    <figure class=\"post-thumbnail service-image\">\n\t\t\t\t<img loading=\"lazy\" decoding=\"async\" width=\"768\" height=\"328\" src=\"https:\/\/juniorswireless.com\/wp-content\/uploads\/2025\/05\/h4-process-3-3.jpg\" class=\"attachment-medium_large size-medium_large wp-post-image\" alt=\"\" \/>\t\t\t<\/figure>\n\t\t\t        <div class=\"service-caption\">\n                        <div class=\"service-content-loop\">\n                <div class=\"service-content-box\">\n                            <h3 class=\"service-loop-title\">\n            <a href=\"https:\/\/juniorswireless.com\/es\/service\/medium-voltage-testing\/\">Pruebas de Media Tensi\u00f3n<\/a>\t\t<\/h3>\n                <div class=\"service-loop-exerpt\"><p>Pruebas de sistemas de media tensi\u00f3n para verificar integridad, el aislamiento y el cumplimiento de los est\u00e1ndares de la industria.<\/p>\n<\/div>\n                        <\/div>\n            <\/div>\n                    <div class=\"service-button\">\n            <a class=\"more-link\" href=\"https:\/\/juniorswireless.com\/es\/service\/medium-voltage-testing\/\" title=\"Pruebas de Media Tensi\u00f3n\">\n                  <span class=\"elementor-button-text\" >More details<\/span>\n            <\/a>\n        <\/div>\n\n                <\/div>\n            <\/div>\n<\/li><li class=\"caren-item service service-style-1\">\n    <div class=\"service-block\">\n                    <figure class=\"post-thumbnail service-image\">\n\t\t\t\t<img loading=\"lazy\" decoding=\"async\" width=\"494\" height=\"317\" src=\"https:\/\/juniorswireless.com\/wp-content\/uploads\/2025\/05\/Screenshot_37.png\" class=\"attachment-medium_large size-medium_large wp-post-image\" alt=\"\" \/>\t\t\t<\/figure>\n\t\t\t        <div class=\"service-caption\">\n                        <div class=\"service-content-loop\">\n                <div class=\"service-content-box\">\n                            <h3 class=\"service-loop-title\">\n            <a href=\"https:\/\/juniorswireless.com\/es\/service\/neta-testing\/\">Pruebas NETA<\/a>\t\t<\/h3>\n                <div class=\"service-loop-exerpt\"><p>Pruebas y evaluaci\u00f3n certificada de sistemas el\u00e9ctricos.<\/p>\n<\/div>\n                        <\/div>\n            <\/div>\n                    <div class=\"service-button\">\n            <a class=\"more-link\" href=\"https:\/\/juniorswireless.com\/es\/service\/neta-testing\/\" title=\"Pruebas NETA\">\n                  <span class=\"elementor-button-text\" >More details<\/span>\n            <\/a>\n        <\/div>\n\n                <\/div>\n            <\/div>\n<\/li><li class=\"caren-item service service-style-1\">\n    <div class=\"service-block\">\n                    <figure class=\"post-thumbnail service-image\">\n\t\t\t\t<img loading=\"lazy\" decoding=\"async\" width=\"768\" height=\"1024\" src=\"https:\/\/juniorswireless.com\/wp-content\/uploads\/2025\/05\/temporary-service-768x1024.jpg\" class=\"attachment-medium_large size-medium_large wp-post-image\" alt=\"\" srcset=\"https:\/\/juniorswireless.com\/wp-content\/uploads\/2025\/05\/temporary-service-768x1024.jpg 768w, https:\/\/juniorswireless.com\/wp-content\/uploads\/2025\/05\/temporary-service-225x300.jpg 225w, https:\/\/juniorswireless.com\/wp-content\/uploads\/2025\/05\/temporary-service-1152x1536.jpg 1152w, https:\/\/juniorswireless.com\/wp-content\/uploads\/2025\/05\/temporary-service-9x12.jpg 9w, https:\/\/juniorswireless.com\/wp-content\/uploads\/2025\/05\/temporary-service-472x629.jpg 472w, https:\/\/juniorswireless.com\/wp-content\/uploads\/2025\/05\/temporary-service.jpg 1200w\" sizes=\"(max-width: 768px) 100vw, 768px\" \/>\t\t\t<\/figure>\n\t\t\t        <div class=\"service-caption\">\n                        <div class=\"service-content-loop\">\n                <div class=\"service-content-box\">\n                            <h3 class=\"service-loop-title\">\n            <a href=\"https:\/\/juniorswireless.com\/es\/service\/temporarily-service-labor\/\">Quality Labor<\/a>\t\t<\/h3>\n                <div class=\"service-loop-exerpt\"><p>Provisi\u00f3n de mano de obra el\u00e9ctrica calificada para tareas temporales.<\/p>\n<\/div>\n                        <\/div>\n            <\/div>\n                    <div class=\"service-button\">\n            <a class=\"more-link\" href=\"https:\/\/juniorswireless.com\/es\/service\/temporarily-service-labor\/\" title=\"Quality Labor\">\n                  <span class=\"elementor-button-text\" >More details<\/span>\n            <\/a>\n        <\/div>\n\n                <\/div>\n            <\/div>\n<\/li><li class=\"caren-item service service-style-1\">\n    <div class=\"service-block\">\n                    <figure class=\"post-thumbnail service-image\">\n\t\t\t\t<img loading=\"lazy\" decoding=\"async\" width=\"768\" height=\"642\" src=\"https:\/\/juniorswireless.com\/wp-content\/uploads\/2025\/06\/labeling-01-768x642.jpg\" class=\"attachment-medium_large size-medium_large wp-post-image\" alt=\"\" srcset=\"https:\/\/juniorswireless.com\/wp-content\/uploads\/2025\/06\/labeling-01-768x642.jpg 768w, https:\/\/juniorswireless.com\/wp-content\/uploads\/2025\/06\/labeling-01-300x251.jpg 300w, https:\/\/juniorswireless.com\/wp-content\/uploads\/2025\/06\/labeling-01-1024x856.jpg 1024w, https:\/\/juniorswireless.com\/wp-content\/uploads\/2025\/06\/labeling-01-1536x1284.jpg 1536w, https:\/\/juniorswireless.com\/wp-content\/uploads\/2025\/06\/labeling-01-14x12.jpg 14w, https:\/\/juniorswireless.com\/wp-content\/uploads\/2025\/06\/labeling-01-752x629.jpg 752w, https:\/\/juniorswireless.com\/wp-content\/uploads\/2025\/06\/labeling-01.jpg 1600w\" sizes=\"(max-width: 768px) 100vw, 768px\" \/>\t\t\t<\/figure>\n\t\t\t        <div class=\"service-caption\">\n                        <div class=\"service-content-loop\">\n                <div class=\"service-content-box\">\n                            <h3 class=\"service-loop-title\">\n            <a href=\"https:\/\/juniorswireless.com\/es\/service\/labeling-services\/\">Servicios de etiquetado<\/a>\t\t<\/h3>\n                <div class=\"service-loop-exerpt\"><p>Dise\u00f1o, fabricaci\u00f3n e instalaci\u00f3n personalizada de etiquetas el\u00e9ctricas e industriales.<\/p>\n<\/div>\n                        <\/div>\n            <\/div>\n                    <div class=\"service-button\">\n            <a class=\"more-link\" href=\"https:\/\/juniorswireless.com\/es\/service\/labeling-services\/\" title=\"Servicios de etiquetado\">\n                  <span class=\"elementor-button-text\" >More details<\/span>\n            <\/a>\n        <\/div>\n\n                <\/div>\n            <\/div>\n<\/li><li class=\"caren-item service service-style-1\">\n    <div class=\"service-block\">\n                    <figure class=\"post-thumbnail service-image\">\n\t\t\t\t<img loading=\"lazy\" decoding=\"async\" width=\"768\" height=\"384\" src=\"https:\/\/juniorswireless.com\/wp-content\/uploads\/2025\/06\/1.jpg\" class=\"attachment-medium_large size-medium_large wp-post-image\" alt=\"\" \/>\t\t\t<\/figure>\n\t\t\t        <div class=\"service-caption\">\n                        <div class=\"service-content-loop\">\n                <div class=\"service-content-box\">\n                            <h3 class=\"service-loop-title\">\n            <a href=\"https:\/\/juniorswireless.com\/es\/service\/quality-assistance\/\">Asistencia de calidad<\/a>\t\t<\/h3>\n                <div class=\"service-loop-exerpt\"><p>Servicios de seguimiento e inspecci\u00f3n continua.<\/p>\n<\/div>\n                        <\/div>\n            <\/div>\n                    <div class=\"service-button\">\n            <a class=\"more-link\" href=\"https:\/\/juniorswireless.com\/es\/service\/quality-assistance\/\" title=\"Asistencia de calidad\">\n                  <span class=\"elementor-button-text\" >More details<\/span>\n            <\/a>\n        <\/div>\n\n                <\/div>\n            <\/div>\n<\/li><li class=\"caren-item service service-style-1\">\n    <div class=\"service-block\">\n                    <figure class=\"post-thumbnail service-image\">\n\t\t\t\t<img loading=\"lazy\" decoding=\"async\" width=\"768\" height=\"597\" src=\"https:\/\/juniorswireless.com\/wp-content\/uploads\/2025\/06\/6-1.jpg\" class=\"attachment-medium_large size-medium_large wp-post-image\" alt=\"\" \/>\t\t\t<\/figure>\n\t\t\t        <div class=\"service-caption\">\n                        <div class=\"service-content-loop\">\n                <div class=\"service-content-box\">\n                            <h3 class=\"service-loop-title\">\n            <a href=\"https:\/\/juniorswireless.com\/es\/service\/safety-certification\/\">Certificaci\u00f3n de seguridad<\/a>\t\t<\/h3>\n                <div class=\"service-loop-exerpt\"><p>Verificaci\u00f3n y certificaci\u00f3n de seguridad de instalaciones y sistemas el\u00e9ctricos.<\/p>\n<\/div>\n                        <\/div>\n            <\/div>\n                    <div class=\"service-button\">\n            <a class=\"more-link\" href=\"https:\/\/juniorswireless.com\/es\/service\/safety-certification\/\" title=\"Certificaci\u00f3n de seguridad\">\n                  <span class=\"elementor-button-text\" >More details<\/span>\n            <\/a>\n        <\/div>\n\n                <\/div>\n            <\/div>\n<\/li><li class=\"caren-item service service-style-1\">\n    <div class=\"service-block\">\n                    <figure class=\"post-thumbnail service-image\">\n\t\t\t\t<img loading=\"lazy\" decoding=\"async\" width=\"768\" height=\"511\" src=\"https:\/\/juniorswireless.com\/wp-content\/uploads\/2025\/06\/2.jpg\" class=\"attachment-medium_large size-medium_large wp-post-image\" alt=\"\" \/>\t\t\t<\/figure>\n\t\t\t        <div class=\"service-caption\">\n                        <div class=\"service-content-loop\">\n                <div class=\"service-content-box\">\n                            <h3 class=\"service-loop-title\">\n            <a href=\"https:\/\/juniorswireless.com\/es\/service\/electrical-loto-service\/\">Servicio el\u00e9ctrico LOTO<\/a>\t\t<\/h3>\n                <div class=\"service-loop-exerpt\"><p> Implementaci\u00f3n de procedimientos de bloqueo\/etiquetado.<\/p>\n<\/div>\n                        <\/div>\n            <\/div>\n                    <div class=\"service-button\">\n            <a class=\"more-link\" href=\"https:\/\/juniorswireless.com\/es\/service\/electrical-loto-service\/\" title=\"Servicio el\u00e9ctrico LOTO\">\n                  <span class=\"elementor-button-text\" >More details<\/span>\n            <\/a>\n        <\/div>\n\n                <\/div>\n            <\/div>\n<\/li><li class=\"caren-item service service-style-1\">\n    <div class=\"service-block\">\n                    <figure class=\"post-thumbnail service-image\">\n\t\t\t\t<img loading=\"lazy\" decoding=\"async\" width=\"768\" height=\"667\" src=\"https:\/\/juniorswireless.com\/wp-content\/uploads\/2025\/06\/jw.png\" class=\"attachment-medium_large size-medium_large wp-post-image\" alt=\"\" \/>\t\t\t<\/figure>\n\t\t\t        <div class=\"service-caption\">\n                        <div class=\"service-content-loop\">\n                <div class=\"service-content-box\">\n                            <h3 class=\"service-loop-title\">\n            <a href=\"https:\/\/juniorswireless.com\/es\/service\/specific-installation-services\/\">Servicios de instalaci\u00f3n espec\u00edficos<\/a>\t\t<\/h3>\n                <div class=\"service-loop-exerpt\"><p>Servicios de instalaci\u00f3n personalizados para componentes el\u00e9ctricos \u00fanicos o especializados.<\/p>\n<\/div>\n                        <\/div>\n            <\/div>\n                    <div class=\"service-button\">\n            <a class=\"more-link\" href=\"https:\/\/juniorswireless.com\/es\/service\/specific-installation-services\/\" title=\"Servicios de instalaci\u00f3n espec\u00edficos\">\n                  <span class=\"elementor-button-text\" >More details<\/span>\n            <\/a>\n        <\/div>\n\n                <\/div>\n            <\/div>\n<\/li><li class=\"caren-item service service-style-1\">\n    <div class=\"service-block\">\n                    <figure class=\"post-thumbnail service-image\">\n\t\t\t\t<img loading=\"lazy\" decoding=\"async\" width=\"505\" height=\"675\" src=\"https:\/\/juniorswireless.com\/wp-content\/uploads\/2025\/06\/voltserver.png\" class=\"attachment-medium_large size-medium_large wp-post-image\" alt=\"\" \/>\t\t\t<\/figure>\n\t\t\t        <div class=\"service-caption\">\n                        <div class=\"service-content-loop\">\n                <div class=\"service-content-box\">\n                            <h3 class=\"service-loop-title\">\n            <a href=\"https:\/\/juniorswireless.com\/es\/service\/voltserver-installation-maintenance\/\">Instalaci\u00f3n Voltserver y mantenimiento<\/a>\t\t<\/h3>\n                <div class=\"service-loop-exerpt\"><p>Instalaci\u00f3n y mantenimiento profesional de sistemas VoltServer Digital Electricity\u2122.<\/p>\n<\/div>\n                        <\/div>\n            <\/div>\n                    <div class=\"service-button\">\n            <a class=\"more-link\" href=\"https:\/\/juniorswireless.com\/es\/service\/voltserver-installation-maintenance\/\" title=\"Voltserver Installation &#038; Maintenance\">\n                  <span class=\"elementor-button-text\" >More details<\/span>\n            <\/a>\n        <\/div>\n\n                <\/div>\n            <\/div>\n<\/li><li class=\"caren-item service service-style-1\">\n    <div class=\"service-block\">\n                    <figure class=\"post-thumbnail service-image\">\n\t\t\t\t<img loading=\"lazy\" decoding=\"async\" width=\"560\" height=\"751\" src=\"https:\/\/juniorswireless.com\/wp-content\/uploads\/2025\/06\/plant-battery.png\" class=\"attachment-medium_large size-medium_large wp-post-image\" alt=\"\" \/>\t\t\t<\/figure>\n\t\t\t        <div class=\"service-caption\">\n                        <div class=\"service-content-loop\">\n                <div class=\"service-content-box\">\n                            <h3 class=\"service-loop-title\">\n            <a href=\"https:\/\/juniorswireless.com\/es\/service\/power-plant-battery-installation\/\">Instalaci\u00f3n de bater\u00edas en central el\u00e9ctrica<\/a>\t\t<\/h3>\n                <div class=\"service-loop-exerpt\"><p>Instalaci\u00f3n experta de sistemas de bater\u00edas de grado industrial.<\/p>\n<\/div>\n                        <\/div>\n            <\/div>\n                    <div class=\"service-button\">\n            <a class=\"more-link\" href=\"https:\/\/juniorswireless.com\/es\/service\/power-plant-battery-installation\/\" title=\"Instalaci\u00f3n de bater\u00edas en central el\u00e9ctrica\">\n                  <span class=\"elementor-button-text\" >More details<\/span>\n            <\/a>\n        <\/div>\n\n                <\/div>\n            <\/div>\n<\/li><li class=\"caren-item service service-style-1\">\n    <div class=\"service-block\">\n                    <figure class=\"post-thumbnail service-image\">\n\t\t\t\t<img loading=\"lazy\" decoding=\"async\" width=\"447\" height=\"580\" src=\"https:\/\/juniorswireless.com\/wp-content\/uploads\/2025\/06\/commscope-02.png\" class=\"attachment-medium_large size-medium_large wp-post-image\" alt=\"\" \/>\t\t\t<\/figure>\n\t\t\t        <div class=\"service-caption\">\n                        <div class=\"service-content-loop\">\n                <div class=\"service-content-box\">\n                            <h3 class=\"service-loop-title\">\n            <a href=\"https:\/\/juniorswireless.com\/es\/service\/commscope-certified-installation\/\">Instalaci\u00f3n CommScope certificada<\/a>\t\t<\/h3>\n                <div class=\"service-loop-exerpt\"><p>Instalaci\u00f3n experta de sistemas de bater\u00edas de grado industrial<\/p>\n<\/div>\n                        <\/div>\n            <\/div>\n                    <div class=\"service-button\">\n            <a class=\"more-link\" href=\"https:\/\/juniorswireless.com\/es\/service\/commscope-certified-installation\/\" title=\"Instalaci\u00f3n CommScope certificada\">\n                  <span class=\"elementor-button-text\" >More details<\/span>\n            <\/a>\n        <\/div>\n\n                <\/div>\n            <\/div>\n<\/li>    <\/ul>\n<\/div><\/div>\t\t\t\t<\/div>\n\t\t\t\t<\/div>\n\t\t\t\t\t<\/div>\n\t\t\t\t<\/div>\n\t\t\t\t<\/div>","protected":false},"excerpt":{"rendered":"<p>Outstanding Residential &#038; Commercial Services DAS Projects Design and implementation of signal-boosting systems. More details Electrical Projects Comprehensive electrical solutions including planning, installation and maintenance. More details Public Safety Projects Installation and maintenance of critical infrastructure. More details Medium Voltage Wire Pulls Execution of safe and efficient cable routing for medium-voltage systems. More details Medium [&hellip;]<\/p>","protected":false},"author":1,"featured_media":0,"parent":0,"menu_order":0,"comment_status":"closed","ping_status":"closed","template":"","meta":{"footnotes":""},"class_list":["post-81","page","type-page","status-publish","hentry"],"_links":{"self":[{"href":"https:\/\/juniorswireless.com\/es\/wp-json\/wp\/v2\/pages\/81","targetHints":{"allow":["GET"]}}],"collection":[{"href":"https:\/\/juniorswireless.com\/es\/wp-json\/wp\/v2\/pages"}],"about":[{"href":"https:\/\/juniorswireless.com\/es\/wp-json\/wp\/v2\/types\/page"}],"author":[{"embeddable":true,"href":"https:\/\/juniorswireless.com\/es\/wp-json\/wp\/v2\/users\/1"}],"replies":[{"embeddable":true,"href":"https:\/\/juniorswireless.com\/es\/wp-json\/wp\/v2\/comments?post=81"}],"version-history":[{"count":31,"href":"https:\/\/juniorswireless.com\/es\/wp-json\/wp\/v2\/pages\/81\/revisions"}],"predecessor-version":[{"id":7900,"href":"https:\/\/juniorswireless.com\/es\/wp-json\/wp\/v2\/pages\/81\/revisions\/7900"}],"wp:attachment":[{"href":"https:\/\/juniorswireless.com\/es\/wp-json\/wp\/v2\/media?parent=81"}],"curies":[{"name":"wp","href":"https:\/\/api.w.org\/{rel}","templated":true}]}}